{"id":1270,"date":"2020-04-30T19:15:23","date_gmt":"2020-04-30T17:15:23","guid":{"rendered":"https:\/\/valoburo.fr\/?page_id=1270"},"modified":"2026-01-29T10:28:19","modified_gmt":"2026-01-29T09:28:19","slug":"mentions-legales-valo-buro","status":"publish","type":"page","link":"https:\/\/valoburo.fr\/index.php\/mentions-legales-valo-buro\/","title":{"rendered":"Mentions l\u00e9gales Val&rsquo;o BURO"},"content":{"rendered":"\t\t<div data-elementor-type=\"wp-page\" data-elementor-id=\"1270\" class=\"elementor elementor-1270\" data-elementor-post-type=\"page\">\n\t\t\t\t\t\t<section class=\"elementor-section elementor-top-section elementor-element elementor-element-efcb77a elementor-section-boxed elementor-section-height-default elementor-section-height-default\" data-id=\"efcb77a\" data-element_type=\"section\">\n\t\t\t\t\t\t<div class=\"elementor-container elementor-column-gap-default\">\n\t\t\t\t\t<div class=\"elementor-column elementor-col-100 elementor-top-column elementor-element elementor-element-4767a8f1\" data-id=\"4767a8f1\" data-element_type=\"column\">\n\t\t\t<div class=\"elementor-widget-wrap elementor-element-populated\">\n\t\t\t\t\t\t<div class=\"elementor-element elementor-element-a7bcfe0 elementor-widget elementor-widget-heading\" data-id=\"a7bcfe0\" data-element_type=\"widget\" data-widget_type=\"heading.default\">\n\t\t\t\t<div class=\"elementor-widget-container\">\n\t\t\t\t\t<h2 class=\"elementor-heading-title elementor-size-default\">MENTIONS L\u00c9GALES<\/h2>\t\t\t\t<\/div>\n\t\t\t\t<\/div>\n\t\t\t\t<div class=\"elementor-element elementor-element-c617ef4 elementor-widget elementor-widget-heading\" data-id=\"c617ef4\" data-element_type=\"widget\" data-widget_type=\"heading.default\">\n\t\t\t\t<div class=\"elementor-widget-container\">\n\t\t\t\t\t<h3 class=\"elementor-heading-title elementor-size-default\">D\u00c9NOMINATION SOCIALE<\/h3>\t\t\t\t<\/div>\n\t\t\t\t<\/div>\n\t\t\t\t<div class=\"elementor-element elementor-element-5f7c41e2 elementor-widget elementor-widget-text-editor\" data-id=\"5f7c41e2\" data-element_type=\"widget\" data-widget_type=\"text-editor.default\">\n\t\t\t\t<div class=\"elementor-widget-container\">\n\t\t\t\t\t\t\t\t\t<p class=\"p1\"><span class=\"s1\">Le site valoburo.fr (ci-apr\u00e8s d\u00e9sign\u00e9 \u00ab le Site \u00bb) est \u00e9dit\u00e9 par <\/span><span class=\"s2\">l\u2019entreprise individuelle\u00a0<b>Val\u2019o buro\u00a0<\/b>repr\u00e9sent\u00e9e par Val\u00e9rie LUGANT<\/span><span class=\"s1\">, immatricul\u00e9e au RCS de MONTPELLIER n\u00b0<\/span><span class=\"s3\">854 047 743<\/span><span class=\"s1\">, valablement repr\u00e9sent\u00e9e par ses dirigeants, dont le si\u00e8ge social est situ\u00e9 <\/span><span class=\"s4\">187 AVENUE DE LA ROUVIERE LONGUE, <\/span><span class=\"s1\">34570 MURVIEL-L\u00c8S-MONTPELLIER<\/span><span class=\"s5\">.<\/span><\/p>\n<p class=\"p3\"><span class=\"s7\">Le Directeur de publication est Val\u00e9rie LUGANT.\u00a0<\/span><span class=\"s1\"><br \/><\/span><span class=\"s7\">Mail :\u00a0 contact@valoburo.fr<\/span><\/p>\n<p><!-- \/wp:paragraph --><\/p>\n<p><!-- wp:heading --><\/p>\n<p><!-- \/wp:heading --><\/p>\t\t\t\t\t\t\t\t<\/div>\n\t\t\t\t<\/div>\n\t\t\t\t<div class=\"elementor-element elementor-element-ddf5f2f elementor-widget elementor-widget-heading\" data-id=\"ddf5f2f\" data-element_type=\"widget\" data-widget_type=\"heading.default\">\n\t\t\t\t<div class=\"elementor-widget-container\">\n\t\t\t\t\t<h3 class=\"elementor-heading-title elementor-size-default\">CONTACT<\/h3>\t\t\t\t<\/div>\n\t\t\t\t<\/div>\n\t\t\t\t<div class=\"elementor-element elementor-element-d50c986 elementor-widget elementor-widget-text-editor\" data-id=\"d50c986\" data-element_type=\"widget\" data-widget_type=\"text-editor.default\">\n\t\t\t\t<div class=\"elementor-widget-container\">\n\t\t\t\t\t\t\t\t\t<p class=\"p4\"><span class=\"s5\"><span style=\"color: #000000;\">\u00c9CRIVEZ-NOUS :\u00a0<br \/><a style=\"color: #000000;\" href=\"https:\/\/valoburo.fr\/index.php\/assistante-administrative-montpellier-2\/\"><span class=\"s9\">https:\/\/valoburo.fr\/index.php\/<b>assistante-administrative-montpellier-2<\/b><\/span><\/a><\/span><\/span><\/p>\t\t\t\t\t\t\t\t<\/div>\n\t\t\t\t<\/div>\n\t\t\t\t<div class=\"elementor-element elementor-element-293cc85 elementor-widget elementor-widget-heading\" data-id=\"293cc85\" data-element_type=\"widget\" data-widget_type=\"heading.default\">\n\t\t\t\t<div class=\"elementor-widget-container\">\n\t\t\t\t\t<h3 class=\"elementor-heading-title elementor-size-default\">H\u00c9BERGEMENT<\/h3>\t\t\t\t<\/div>\n\t\t\t\t<\/div>\n\t\t\t\t<div class=\"elementor-element elementor-element-4b2a55c elementor-widget elementor-widget-text-editor\" data-id=\"4b2a55c\" data-element_type=\"widget\" data-widget_type=\"text-editor.default\">\n\t\t\t\t<div class=\"elementor-widget-container\">\n\t\t\t\t\t\t\t\t\t<p>Le Site est h\u00e9berg\u00e9 par la soci\u00e9t\u00e9 OVH, SAS au capital de 10.000 euros, immatricul\u00e9e au R.C.S de Roubaix sous le n\u00b0 424 761 419 et dont le si\u00e8ge social est situ\u00e9 2 rue Kellerman \u00e0 Roubaix (59100).<\/p>\t\t\t\t\t\t\t\t<\/div>\n\t\t\t\t<\/div>\n\t\t\t\t<div class=\"elementor-element elementor-element-9469ab5 elementor-widget elementor-widget-heading\" data-id=\"9469ab5\" data-element_type=\"widget\" data-widget_type=\"heading.default\">\n\t\t\t\t<div class=\"elementor-widget-container\">\n\t\t\t\t\t<h3 class=\"elementor-heading-title elementor-size-default\">CR\u00c9DIT PHOTO<\/h3>\t\t\t\t<\/div>\n\t\t\t\t<\/div>\n\t\t\t\t<div class=\"elementor-element elementor-element-68a9ee8 elementor-widget elementor-widget-text-editor\" data-id=\"68a9ee8\" data-element_type=\"widget\" data-widget_type=\"text-editor.default\">\n\t\t\t\t<div class=\"elementor-widget-container\">\n\t\t\t\t\t\t\t\t\t<p>Cr\u00e9dit photo :&nbsp; freepik.com&nbsp;<br>Portraits de Val\u00e9rie : <span style=\"color: #993366;\"><a style=\"color: #993366;\" href=\"http:\/\/www.emmanuellegrimaud.com\/\">Emmanuelle GRIMAUD<\/a><br><span style=\"color: #000000;\">Conception graphique et r\u00e9dactionnelle :<\/span> <a style=\"color: #993366;\" href=\"https:\/\/www.graficdeal.com\">GRAFICDEAL<\/a><\/span><\/p>\t\t\t\t\t\t\t\t<\/div>\n\t\t\t\t<\/div>\n\t\t\t\t\t<\/div>\n\t\t<\/div>\n\t\t\t\t\t<\/div>\n\t\t<\/section>\n\t\t\t\t<\/div>\n\t\t<!-- AddThis Advanced Settings generic via filter on the_content --><!-- AddThis Share Buttons generic via filter on the_content -->","protected":false},"excerpt":{"rendered":"<p>MENTIONS L\u00c9GALES D\u00c9NOMINATION SOCIALE Le site valoburo.fr (ci-apr\u00e8s d\u00e9sign\u00e9 \u00ab le Site \u00bb) est \u00e9dit\u00e9 par l\u2019entreprise individuelle\u00a0Val\u2019o buro\u00a0repr\u00e9sent\u00e9e par Val\u00e9rie LUGANT, immatricul\u00e9e au RCS de MONTPELLIER n\u00b0854 047 743, valablement repr\u00e9sent\u00e9e par ses dirigeants, dont le si\u00e8ge social est situ\u00e9 187 AVENUE DE LA ROUVIERE LONGUE, 34570 MURVIEL-L\u00c8S-MONTPELLIER. Le Directeur de publication est Val\u00e9rie &hellip; <!-- AddThis Advanced Settings generic via filter on get_the_excerpt --><!-- AddThis Share Buttons generic via filter on get_the_excerpt --><\/p>\n","protected":false},"author":2,"featured_media":0,"parent":0,"menu_order":0,"comment_status":"closed","ping_status":"open","template":"elementor_header_footer","meta":{"_monsterinsights_skip_tracking":false,"_monsterinsights_sitenote_active":false,"_monsterinsights_sitenote_note":"","_monsterinsights_sitenote_category":0,"footnotes":""},"class_list":["post-1270","page","type-page","status-publish","hentry"],"yoast_head":"<!-- This site is optimized with the Yoast SEO plugin v24.1 - https:\/\/yoast.com\/wordpress\/plugins\/seo\/ -->\n<title>Mentions l\u00e9gales Val&#039;o BURO - Val&#039;o Buro<\/title>\n<meta name=\"robots\" content=\"index, follow, max-snippet:-1, max-image-preview:large, max-video-preview:-1\" \/>\n<link rel=\"canonical\" href=\"https:\/\/valoburo.fr\/index.php\/mentions-legales-valo-buro\/\" \/>\n<meta property=\"og:locale\" content=\"fr_FR\" \/>\n<meta property=\"og:type\" content=\"article\" \/>\n<meta property=\"og:title\" content=\"Mentions l\u00e9gales Val&#039;o BURO - Val&#039;o Buro\" \/>\n<meta property=\"og:description\" content=\"MENTIONS L\u00c9GALES D\u00c9NOMINATION SOCIALE Le site valoburo.fr (ci-apr\u00e8s d\u00e9sign\u00e9 \u00ab le Site \u00bb) est \u00e9dit\u00e9 par l\u2019entreprise individuelle\u00a0Val\u2019o buro\u00a0repr\u00e9sent\u00e9e par Val\u00e9rie LUGANT, immatricul\u00e9e au RCS de MONTPELLIER n\u00b0854 047 743, valablement repr\u00e9sent\u00e9e par ses dirigeants, dont le si\u00e8ge social est situ\u00e9 187 AVENUE DE LA ROUVIERE LONGUE, 34570 MURVIEL-L\u00c8S-MONTPELLIER. Le Directeur de publication est Val\u00e9rie &hellip;\" \/>\n<meta property=\"og:url\" content=\"https:\/\/valoburo.fr\/index.php\/mentions-legales-valo-buro\/\" \/>\n<meta property=\"og:site_name\" content=\"Val&#039;o Buro\" \/>\n<meta property=\"article:modified_time\" content=\"2026-01-29T09:28:19+00:00\" \/>\n<meta name=\"twitter:card\" content=\"summary_large_image\" \/>\n<meta name=\"twitter:label1\" content=\"Dur\u00e9e de lecture est.\" \/>\n\t<meta name=\"twitter:data1\" content=\"1 minute\" \/>\n<script type=\"application\/ld+json\" class=\"yoast-schema-graph\">{\"@context\":\"https:\/\/schema.org\",\"@graph\":[{\"@type\":\"WebPage\",\"@id\":\"https:\/\/valoburo.fr\/index.php\/mentions-legales-valo-buro\/\",\"url\":\"https:\/\/valoburo.fr\/index.php\/mentions-legales-valo-buro\/\",\"name\":\"Mentions l\u00e9gales Val'o BURO - Val&#039;o Buro\",\"isPartOf\":{\"@id\":\"https:\/\/valoburo.fr\/#website\"},\"datePublished\":\"2020-04-30T17:15:23+00:00\",\"dateModified\":\"2026-01-29T09:28:19+00:00\",\"breadcrumb\":{\"@id\":\"https:\/\/valoburo.fr\/index.php\/mentions-legales-valo-buro\/#breadcrumb\"},\"inLanguage\":\"fr-BE\",\"potentialAction\":[{\"@type\":\"ReadAction\",\"target\":[\"https:\/\/valoburo.fr\/index.php\/mentions-legales-valo-buro\/\"]}]},{\"@type\":\"BreadcrumbList\",\"@id\":\"https:\/\/valoburo.fr\/index.php\/mentions-legales-valo-buro\/#breadcrumb\",\"itemListElement\":[{\"@type\":\"ListItem\",\"position\":1,\"name\":\"Home\",\"item\":\"https:\/\/valoburo.fr\/\"},{\"@type\":\"ListItem\",\"position\":2,\"name\":\"Mentions l\u00e9gales Val&rsquo;o BURO\"}]},{\"@type\":\"WebSite\",\"@id\":\"https:\/\/valoburo.fr\/#website\",\"url\":\"https:\/\/valoburo.fr\/\",\"name\":\"Val&#039;o Buro\",\"description\":\"Une assistante administrative \u00e0 vos c\u00f4t\u00e9s\",\"potentialAction\":[{\"@type\":\"SearchAction\",\"target\":{\"@type\":\"EntryPoint\",\"urlTemplate\":\"https:\/\/valoburo.fr\/?s={search_term_string}\"},\"query-input\":{\"@type\":\"PropertyValueSpecification\",\"valueRequired\":true,\"valueName\":\"search_term_string\"}}],\"inLanguage\":\"fr-BE\"}]}<\/script>\n<!-- \/ Yoast SEO plugin. -->","yoast_head_json":{"title":"Mentions l\u00e9gales Val'o BURO - Val&#039;o Buro","robots":{"index":"index","follow":"follow","max-snippet":"max-snippet:-1","max-image-preview":"max-image-preview:large","max-video-preview":"max-video-preview:-1"},"canonical":"https:\/\/valoburo.fr\/index.php\/mentions-legales-valo-buro\/","og_locale":"fr_FR","og_type":"article","og_title":"Mentions l\u00e9gales Val'o BURO - Val&#039;o Buro","og_description":"MENTIONS L\u00c9GALES D\u00c9NOMINATION SOCIALE Le site valoburo.fr (ci-apr\u00e8s d\u00e9sign\u00e9 \u00ab le Site \u00bb) est \u00e9dit\u00e9 par l\u2019entreprise individuelle\u00a0Val\u2019o buro\u00a0repr\u00e9sent\u00e9e par Val\u00e9rie LUGANT, immatricul\u00e9e au RCS de MONTPELLIER n\u00b0854 047 743, valablement repr\u00e9sent\u00e9e par ses dirigeants, dont le si\u00e8ge social est situ\u00e9 187 AVENUE DE LA ROUVIERE LONGUE, 34570 MURVIEL-L\u00c8S-MONTPELLIER. Le Directeur de publication est Val\u00e9rie &hellip;","og_url":"https:\/\/valoburo.fr\/index.php\/mentions-legales-valo-buro\/","og_site_name":"Val&#039;o Buro","article_modified_time":"2026-01-29T09:28:19+00:00","twitter_card":"summary_large_image","twitter_misc":{"Dur\u00e9e de lecture est.":"1 minute"},"schema":{"@context":"https:\/\/schema.org","@graph":[{"@type":"WebPage","@id":"https:\/\/valoburo.fr\/index.php\/mentions-legales-valo-buro\/","url":"https:\/\/valoburo.fr\/index.php\/mentions-legales-valo-buro\/","name":"Mentions l\u00e9gales Val'o BURO - Val&#039;o Buro","isPartOf":{"@id":"https:\/\/valoburo.fr\/#website"},"datePublished":"2020-04-30T17:15:23+00:00","dateModified":"2026-01-29T09:28:19+00:00","breadcrumb":{"@id":"https:\/\/valoburo.fr\/index.php\/mentions-legales-valo-buro\/#breadcrumb"},"inLanguage":"fr-BE","potentialAction":[{"@type":"ReadAction","target":["https:\/\/valoburo.fr\/index.php\/mentions-legales-valo-buro\/"]}]},{"@type":"BreadcrumbList","@id":"https:\/\/valoburo.fr\/index.php\/mentions-legales-valo-buro\/#breadcrumb","itemListElement":[{"@type":"ListItem","position":1,"name":"Home","item":"https:\/\/valoburo.fr\/"},{"@type":"ListItem","position":2,"name":"Mentions l\u00e9gales Val&rsquo;o BURO"}]},{"@type":"WebSite","@id":"https:\/\/valoburo.fr\/#website","url":"https:\/\/valoburo.fr\/","name":"Val&#039;o Buro","description":"Une assistante administrative \u00e0 vos c\u00f4t\u00e9s","potentialAction":[{"@type":"SearchAction","target":{"@type":"EntryPoint","urlTemplate":"https:\/\/valoburo.fr\/?s={search_term_string}"},"query-input":{"@type":"PropertyValueSpecification","valueRequired":true,"valueName":"search_term_string"}}],"inLanguage":"fr-BE"}]}},"_links":{"self":[{"href":"https:\/\/valoburo.fr\/index.php\/wp-json\/wp\/v2\/pages\/1270","targetHints":{"allow":["GET"]}}],"collection":[{"href":"https:\/\/valoburo.fr\/index.php\/wp-json\/wp\/v2\/pages"}],"about":[{"href":"https:\/\/valoburo.fr\/index.php\/wp-json\/wp\/v2\/types\/page"}],"author":[{"embeddable":true,"href":"https:\/\/valoburo.fr\/index.php\/wp-json\/wp\/v2\/users\/2"}],"replies":[{"embeddable":true,"href":"https:\/\/valoburo.fr\/index.php\/wp-json\/wp\/v2\/comments?post=1270"}],"version-history":[{"count":9,"href":"https:\/\/valoburo.fr\/index.php\/wp-json\/wp\/v2\/pages\/1270\/revisions"}],"predecessor-version":[{"id":1766,"href":"https:\/\/valoburo.fr\/index.php\/wp-json\/wp\/v2\/pages\/1270\/revisions\/1766"}],"wp:attachment":[{"href":"https:\/\/valoburo.fr\/index.php\/wp-json\/wp\/v2\/media?parent=1270"}],"curies":[{"name":"wp","href":"https:\/\/api.w.org\/{rel}","templated":true}]}}