{"id":3,"date":"2019-10-15T12:30:14","date_gmt":"2019-10-15T10:30:14","guid":{"rendered":"http:\/\/valoburo.fr\/?page_id=3"},"modified":"2020-04-30T19:56:05","modified_gmt":"2020-04-30T17:56:05","slug":"politique-de-confidentialite","status":"publish","type":"page","link":"https:\/\/valoburo.fr\/index.php\/politique-de-confidentialite\/","title":{"rendered":"Politique de confidentialit\u00e9"},"content":{"rendered":"\t\t<div data-elementor-type=\"wp-page\" data-elementor-id=\"3\" class=\"elementor elementor-3\" data-elementor-post-type=\"page\">\n\t\t\t\t\t\t<section class=\"elementor-section elementor-top-section elementor-element elementor-element-efcb77a elementor-section-boxed elementor-section-height-default elementor-section-height-default\" data-id=\"efcb77a\" data-element_type=\"section\">\n\t\t\t\t\t\t<div class=\"elementor-container elementor-column-gap-default\">\n\t\t\t\t\t<div class=\"elementor-column elementor-col-100 elementor-top-column elementor-element elementor-element-4767a8f1\" data-id=\"4767a8f1\" data-element_type=\"column\">\n\t\t\t<div class=\"elementor-widget-wrap elementor-element-populated\">\n\t\t\t\t\t\t<div class=\"elementor-element elementor-element-1b8f5e7 elementor-widget elementor-widget-heading\" data-id=\"1b8f5e7\" data-element_type=\"widget\" data-widget_type=\"heading.default\">\n\t\t\t\t<div class=\"elementor-widget-container\">\n\t\t\t\t\t<h2 class=\"elementor-heading-title elementor-size-default\">POLITIQUE DE CONFIDENTIALIT\u00c9<\/h2>\t\t\t\t<\/div>\n\t\t\t\t<\/div>\n\t\t\t\t<div class=\"elementor-element elementor-element-df3e6aa elementor-widget elementor-widget-heading\" data-id=\"df3e6aa\" data-element_type=\"widget\" data-widget_type=\"heading.default\">\n\t\t\t\t<div class=\"elementor-widget-container\">\n\t\t\t\t\t<h3 class=\"elementor-heading-title elementor-size-default\">Utilisation des donn\u00e9es personnelles collect\u00e9es<\/h3>\t\t\t\t<\/div>\n\t\t\t\t<\/div>\n\t\t\t\t<div class=\"elementor-element elementor-element-2abce3f elementor-widget elementor-widget-text-editor\" data-id=\"2abce3f\" data-element_type=\"widget\" data-widget_type=\"text-editor.default\">\n\t\t\t\t<div class=\"elementor-widget-container\">\n\t\t\t\t\t\t\t\t\t<p>Lors de votre demande de devis ou en renseignant le formulaire de contact, vous me transmettez certaines donn\u00e9es personnelles . Les renseignements que vous me communiquez ne sont jamais diffus\u00e9s \u00e0 des tiers.<\/p>\n<p>Dans une logique de respect de la vie priv\u00e9e de ses utilisateurs, la soci\u00e9t\u00e9 Val&rsquo;O BURO s&rsquo;engage \u00e0 ce que la collecte et le traitement d&rsquo;informations personnelles, effectu\u00e9s au sein du pr\u00e9sent site, soient effectu\u00e9s conform\u00e9ment \u00e0 la loi n\u00b078-17 du 6 janvier 1978 relative \u00e0 l&rsquo;informatique, aux fichiers et aux libert\u00e9s, dite Loi \u00ab Informatique et Libert\u00e9s \u00bb. <br \/><br \/>Conform\u00e9ment \u00e0 l&rsquo;article 34 de la loi Informatique et Libert\u00e9s du 6 janvier 1978, vous disposez d&rsquo;un droit d&rsquo;acc\u00e8s, de rectification, de modification et de suppression concernant les donn\u00e9es qui vous concernent. Vous pouvez exercer ce droit en nous envoyant un message \u00e0 ce sujet sur la page : <span style=\"color: #993366;\"><a style=\"color: #993366;\" href=\"_wp_link_placeholder\" data-wplink-edit=\"true\">https:\/\/valoburo.fr\/index.php\/assistante-administrative-montpellier-2<\/a><\/span><\/p>\t\t\t\t\t\t\t\t<\/div>\n\t\t\t\t<\/div>\n\t\t\t\t<div class=\"elementor-element elementor-element-6abb022 elementor-widget elementor-widget-heading\" data-id=\"6abb022\" data-element_type=\"widget\" data-widget_type=\"heading.default\">\n\t\t\t\t<div class=\"elementor-widget-container\">\n\t\t\t\t\t<h3 class=\"elementor-heading-title elementor-size-default\">Cookies<\/h3>\t\t\t\t<\/div>\n\t\t\t\t<\/div>\n\t\t\t\t<div class=\"elementor-element elementor-element-e72c81c elementor-widget elementor-widget-text-editor\" data-id=\"e72c81c\" data-element_type=\"widget\" data-widget_type=\"text-editor.default\">\n\t\t\t\t<div class=\"elementor-widget-container\">\n\t\t\t\t\t\t\t\t\t<p>Les cookies sont de petites quantit\u00e9s d&rsquo;informations stock\u00e9es dans des fichiers au sein m\u00eame du navigateur de votre ordinateur. Les cookies sont accessibles et enregistr\u00e9s par les sites internet que vous consultez, et par les soci\u00e9t\u00e9s qui affichent leurs annonces publicitaires sur des sites internet, pour qu&rsquo;ils puissent reconna\u00eetre le navigateur. Les sites Internet peuvent uniquement acc\u00e9der aux cookies qu&rsquo;ils ont stock\u00e9s sur votre ordinateur. Par cons\u00e9quent nous ne pouvons consulter que notre cookie et non celui des autres sites que vous avez \u00e9galement consult\u00e9s.<br \/><br \/>En utilisant les Sites Internet de valoburo.fr, vous consentez \u00e0 l&rsquo;utilisation des cookies d\u00e9pos\u00e9s par ce site.<br \/><br \/>Le site Internet valoburo.fr utilise des cookies aux fins suivantes :<br \/>&#8211; Usage du site : pour m&rsquo;aider \u00e0 reconna\u00eetre votre navigateur comme celui d&rsquo;un visiteur pr\u00e9c\u00e9dent et pour enregistrer les vos pr\u00e9f\u00e9rences.<br \/>&#8211; R\u00e9seaux sociaux : pour v\u00e9rifier si vous \u00eates connect\u00e9s \u00e0 des services tiers (Facebook, Twitter, Google+ &#8230;) ;<br \/>&#8211; Mesure d\u2019audience : pour suivre les donn\u00e9es statistiques de fr\u00e9quentation du Site (soit l&rsquo;utilisation faite du Site par les utilisateurs et pour am\u00e9liorer les services du Site) et pour m&rsquo;aider \u00e0 mesurer et \u00e9tudier l&rsquo;efficacit\u00e9 de notre contenu interactif en ligne.<\/p>\t\t\t\t\t\t\t\t<\/div>\n\t\t\t\t<\/div>\n\t\t\t\t<div class=\"elementor-element elementor-element-5dd1449 elementor-widget elementor-widget-heading\" data-id=\"5dd1449\" data-element_type=\"widget\" data-widget_type=\"heading.default\">\n\t\t\t\t<div class=\"elementor-widget-container\">\n\t\t\t\t\t<h3 class=\"elementor-heading-title elementor-size-default\">Votre choix concernant les cookies<\/h3>\t\t\t\t<\/div>\n\t\t\t\t<\/div>\n\t\t\t\t<div class=\"elementor-element elementor-element-4ec80c7 elementor-widget elementor-widget-text-editor\" data-id=\"4ec80c7\" data-element_type=\"widget\" data-widget_type=\"text-editor.default\">\n\t\t\t\t<div class=\"elementor-widget-container\">\n\t\t\t\t\t\t\t\t\t<p>Vous avez le choix de configurer votre navigateur pour accepter tous les cookies, rejeter tous les cookies, vous informer quand un cookie est \u00e9mis, sa dur\u00e9e de validit\u00e9 et son contenu, ainsi que vous permettre de refuser son enregistrement dans votre terminal, et supprimer vos cookies p\u00e9riodiquement.<br \/><br \/>Vous pouvez param\u00e9trer votre navigateur Internet pour d\u00e9sactiver les cookies. Notez toutefois que si vous d\u00e9sactivez les cookies, votre nom d\u2019utilisateur ainsi que votre mot de passe ne seront plus sauvegard\u00e9s sur aucun site web.<br \/><br \/>Pour plus d&rsquo;informations relatives aux m\u00e9thodes vous permettant de supprimer et de contr\u00f4ler les cookies stock\u00e9s sur votre ordinateur, consultez le site suivant : <span style=\"color: #000000;\">http:\/\/www.allaboutcookies.org\/fr\/<\/span><\/p>\t\t\t\t\t\t\t\t<\/div>\n\t\t\t\t<\/div>\n\t\t\t\t\t<\/div>\n\t\t<\/div>\n\t\t\t\t\t<\/div>\n\t\t<\/section>\n\t\t\t\t<\/div>\n\t\t<!-- AddThis Advanced Settings generic via filter on the_content --><!-- AddThis Share Buttons generic via filter on the_content -->","protected":false},"excerpt":{"rendered":"<p>POLITIQUE DE CONFIDENTIALIT\u00c9 Utilisation des donn\u00e9es personnelles collect\u00e9es Lors de votre demande de devis ou en renseignant le formulaire de contact, vous me transmettez certaines donn\u00e9es personnelles . Les renseignements que vous me communiquez ne sont jamais diffus\u00e9s \u00e0 des tiers. Dans une logique de respect de la vie priv\u00e9e de ses utilisateurs, la soci\u00e9t\u00e9 &hellip; <!-- AddThis Advanced Settings generic via filter on get_the_excerpt --><!-- AddThis Share Buttons generic via filter on get_the_excerpt --><\/p>\n","protected":false},"author":1,"featured_media":0,"parent":0,"menu_order":0,"comment_status":"closed","ping_status":"open","template":"elementor_header_footer","meta":{"_monsterinsights_skip_tracking":false,"_monsterinsights_sitenote_active":false,"_monsterinsights_sitenote_note":"","_monsterinsights_sitenote_category":0,"footnotes":""},"class_list":["post-3","page","type-page","status-publish","hentry"],"yoast_head":"<!-- This site is optimized with the Yoast SEO plugin v24.1 - https:\/\/yoast.com\/wordpress\/plugins\/seo\/ -->\n<title>Politique de confidentialit\u00e9 - Val&#039;o Buro<\/title>\n<meta name=\"robots\" content=\"index, follow, max-snippet:-1, max-image-preview:large, max-video-preview:-1\" \/>\n<link rel=\"canonical\" href=\"https:\/\/valoburo.fr\/index.php\/politique-de-confidentialite\/\" \/>\n<meta property=\"og:locale\" content=\"fr_FR\" \/>\n<meta property=\"og:type\" content=\"article\" \/>\n<meta property=\"og:title\" content=\"Politique de confidentialit\u00e9 - Val&#039;o Buro\" \/>\n<meta property=\"og:description\" content=\"POLITIQUE DE CONFIDENTIALIT\u00c9 Utilisation des donn\u00e9es personnelles collect\u00e9es Lors de votre demande de devis ou en renseignant le formulaire de contact, vous me transmettez certaines donn\u00e9es personnelles . Les renseignements que vous me communiquez ne sont jamais diffus\u00e9s \u00e0 des tiers. Dans une logique de respect de la vie priv\u00e9e de ses utilisateurs, la soci\u00e9t\u00e9 &hellip;\" \/>\n<meta property=\"og:url\" content=\"https:\/\/valoburo.fr\/index.php\/politique-de-confidentialite\/\" \/>\n<meta property=\"og:site_name\" content=\"Val&#039;o Buro\" \/>\n<meta property=\"article:modified_time\" content=\"2020-04-30T17:56:05+00:00\" \/>\n<meta name=\"twitter:card\" content=\"summary_large_image\" \/>\n<meta name=\"twitter:label1\" content=\"Dur\u00e9e de lecture est.\" \/>\n\t<meta name=\"twitter:data1\" content=\"2 minutes\" \/>\n<script type=\"application\/ld+json\" class=\"yoast-schema-graph\">{\"@context\":\"https:\/\/schema.org\",\"@graph\":[{\"@type\":\"WebPage\",\"@id\":\"https:\/\/valoburo.fr\/index.php\/politique-de-confidentialite\/\",\"url\":\"https:\/\/valoburo.fr\/index.php\/politique-de-confidentialite\/\",\"name\":\"Politique de confidentialit\u00e9 - Val&#039;o Buro\",\"isPartOf\":{\"@id\":\"https:\/\/valoburo.fr\/#website\"},\"datePublished\":\"2019-10-15T10:30:14+00:00\",\"dateModified\":\"2020-04-30T17:56:05+00:00\",\"breadcrumb\":{\"@id\":\"https:\/\/valoburo.fr\/index.php\/politique-de-confidentialite\/#breadcrumb\"},\"inLanguage\":\"fr-BE\",\"potentialAction\":[{\"@type\":\"ReadAction\",\"target\":[\"https:\/\/valoburo.fr\/index.php\/politique-de-confidentialite\/\"]}]},{\"@type\":\"BreadcrumbList\",\"@id\":\"https:\/\/valoburo.fr\/index.php\/politique-de-confidentialite\/#breadcrumb\",\"itemListElement\":[{\"@type\":\"ListItem\",\"position\":1,\"name\":\"Home\",\"item\":\"https:\/\/valoburo.fr\/\"},{\"@type\":\"ListItem\",\"position\":2,\"name\":\"Politique de confidentialit\u00e9\"}]},{\"@type\":\"WebSite\",\"@id\":\"https:\/\/valoburo.fr\/#website\",\"url\":\"https:\/\/valoburo.fr\/\",\"name\":\"Val&#039;o Buro\",\"description\":\"Une assistante administrative \u00e0 vos c\u00f4t\u00e9s\",\"potentialAction\":[{\"@type\":\"SearchAction\",\"target\":{\"@type\":\"EntryPoint\",\"urlTemplate\":\"https:\/\/valoburo.fr\/?s={search_term_string}\"},\"query-input\":{\"@type\":\"PropertyValueSpecification\",\"valueRequired\":true,\"valueName\":\"search_term_string\"}}],\"inLanguage\":\"fr-BE\"}]}<\/script>\n<!-- \/ Yoast SEO plugin. -->","yoast_head_json":{"title":"Politique de confidentialit\u00e9 - Val&#039;o Buro","robots":{"index":"index","follow":"follow","max-snippet":"max-snippet:-1","max-image-preview":"max-image-preview:large","max-video-preview":"max-video-preview:-1"},"canonical":"https:\/\/valoburo.fr\/index.php\/politique-de-confidentialite\/","og_locale":"fr_FR","og_type":"article","og_title":"Politique de confidentialit\u00e9 - Val&#039;o Buro","og_description":"POLITIQUE DE CONFIDENTIALIT\u00c9 Utilisation des donn\u00e9es personnelles collect\u00e9es Lors de votre demande de devis ou en renseignant le formulaire de contact, vous me transmettez certaines donn\u00e9es personnelles . Les renseignements que vous me communiquez ne sont jamais diffus\u00e9s \u00e0 des tiers. Dans une logique de respect de la vie priv\u00e9e de ses utilisateurs, la soci\u00e9t\u00e9 &hellip;","og_url":"https:\/\/valoburo.fr\/index.php\/politique-de-confidentialite\/","og_site_name":"Val&#039;o Buro","article_modified_time":"2020-04-30T17:56:05+00:00","twitter_card":"summary_large_image","twitter_misc":{"Dur\u00e9e de lecture est.":"2 minutes"},"schema":{"@context":"https:\/\/schema.org","@graph":[{"@type":"WebPage","@id":"https:\/\/valoburo.fr\/index.php\/politique-de-confidentialite\/","url":"https:\/\/valoburo.fr\/index.php\/politique-de-confidentialite\/","name":"Politique de confidentialit\u00e9 - Val&#039;o Buro","isPartOf":{"@id":"https:\/\/valoburo.fr\/#website"},"datePublished":"2019-10-15T10:30:14+00:00","dateModified":"2020-04-30T17:56:05+00:00","breadcrumb":{"@id":"https:\/\/valoburo.fr\/index.php\/politique-de-confidentialite\/#breadcrumb"},"inLanguage":"fr-BE","potentialAction":[{"@type":"ReadAction","target":["https:\/\/valoburo.fr\/index.php\/politique-de-confidentialite\/"]}]},{"@type":"BreadcrumbList","@id":"https:\/\/valoburo.fr\/index.php\/politique-de-confidentialite\/#breadcrumb","itemListElement":[{"@type":"ListItem","position":1,"name":"Home","item":"https:\/\/valoburo.fr\/"},{"@type":"ListItem","position":2,"name":"Politique de confidentialit\u00e9"}]},{"@type":"WebSite","@id":"https:\/\/valoburo.fr\/#website","url":"https:\/\/valoburo.fr\/","name":"Val&#039;o Buro","description":"Une assistante administrative \u00e0 vos c\u00f4t\u00e9s","potentialAction":[{"@type":"SearchAction","target":{"@type":"EntryPoint","urlTemplate":"https:\/\/valoburo.fr\/?s={search_term_string}"},"query-input":{"@type":"PropertyValueSpecification","valueRequired":true,"valueName":"search_term_string"}}],"inLanguage":"fr-BE"}]}},"_links":{"self":[{"href":"https:\/\/valoburo.fr\/index.php\/wp-json\/wp\/v2\/pages\/3","targetHints":{"allow":["GET"]}}],"collection":[{"href":"https:\/\/valoburo.fr\/index.php\/wp-json\/wp\/v2\/pages"}],"about":[{"href":"https:\/\/valoburo.fr\/index.php\/wp-json\/wp\/v2\/types\/page"}],"author":[{"embeddable":true,"href":"https:\/\/valoburo.fr\/index.php\/wp-json\/wp\/v2\/users\/1"}],"replies":[{"embeddable":true,"href":"https:\/\/valoburo.fr\/index.php\/wp-json\/wp\/v2\/comments?post=3"}],"version-history":[{"count":12,"href":"https:\/\/valoburo.fr\/index.php\/wp-json\/wp\/v2\/pages\/3\/revisions"}],"predecessor-version":[{"id":1280,"href":"https:\/\/valoburo.fr\/index.php\/wp-json\/wp\/v2\/pages\/3\/revisions\/1280"}],"wp:attachment":[{"href":"https:\/\/valoburo.fr\/index.php\/wp-json\/wp\/v2\/media?parent=3"}],"curies":[{"name":"wp","href":"https:\/\/api.w.org\/{rel}","templated":true}]}}